{"id":5212,"date":"2026-03-18T07:26:28","date_gmt":"2026-03-18T05:26:28","guid":{"rendered":"http:\/\/dummy.xtemos.com\/woodmart2\/?page_id=5212"},"modified":"2026-04-08T14:59:19","modified_gmt":"2026-04-08T11:59:19","slug":"meist","status":"publish","type":"page","link":"https:\/\/metalcut.ee\/en\/meist\/","title":{"rendered":"About Us"},"content":{"rendered":"<div class=\"wpb-content-wrapper\"><p>[vc_row css=&#8221;.vc_custom_1773906101571{padding-top: 40px !important;padding-bottom: 40px !important;}&#8221; woodmart_css_id=&#8221;69bba8b23b157&#8243; responsive_spacing=&#8221;eyJwYXJhbV90eXBlIjoid29vZG1hcnRfcmVzcG9uc2l2ZV9zcGFjaW5nIiwic2VsZWN0b3JfaWQiOiI2OWJiYThiMjNiMTU3Iiwic2hvcnRjb2RlIjoidmNfcm93IiwiZGF0YSI6eyJ0YWJsZXQiOnt9LCJtb2JpbGUiOnt9fX0=&#8221; mobile_bg_img_hidden=&#8221;no&#8221; tablet_bg_img_hidden=&#8221;no&#8221; woodmart_parallax=&#8221;0&#8243; woodmart_gradient_switch=&#8221;no&#8221; woodmart_box_shadow=&#8221;no&#8221; wd_z_index=&#8221;no&#8221; woodmart_disable_overflow=&#8221;0&#8243; row_reverse_mobile=&#8221;0&#8243; row_reverse_tablet=&#8221;0&#8243;][vc_column]\t\t<div id=\"wd-69ce5ced7ce0f\" class=\"wd-text-block wd-wpb reset-last-child wd-rs-69ce5ced7ce0f text-left \">\n\t\t\t<p>Metalcut O\u00dc\u00a0specializes in high-precision mechanical processing of metals and various other materials. Founded in 2017, our team brings over 15 years of expert experience in\u00a0CNC turning and milling.<br \/>\nOur journey began with a passion for motorsport\u2014developing more durable and high-performance solutions for our own racing needs. This vision quickly expanded into providing high-quality custom components for a wider circle of enthusiasts and industrial partners.<\/p>\n\t\t<\/div>\n\t\t[\/vc_column][\/vc_row][vc_row css=&#8221;.vc_custom_1773906101571{padding-top: 40px !important;padding-bottom: 40px !important;}&#8221; woodmart_css_id=&#8221;69bba8b23b157&#8243; responsive_spacing=&#8221;eyJwYXJhbV90eXBlIjoid29vZG1hcnRfcmVzcG9uc2l2ZV9zcGFjaW5nIiwic2VsZWN0b3JfaWQiOiI2OWJiYThiMjNiMTU3Iiwic2hvcnRjb2RlIjoidmNfcm93IiwiZGF0YSI6eyJ0YWJsZXQiOnt9LCJtb2JpbGUiOnt9fX0=&#8221; mobile_bg_img_hidden=&#8221;no&#8221; tablet_bg_img_hidden=&#8221;no&#8221; woodmart_parallax=&#8221;0&#8243; woodmart_gradient_switch=&#8221;no&#8221; woodmart_box_shadow=&#8221;no&#8221; wd_z_index=&#8221;no&#8221; woodmart_disable_overflow=&#8221;0&#8243; row_reverse_mobile=&#8221;0&#8243; row_reverse_tablet=&#8221;0&#8243;][vc_column width=&#8221;1\/3&#8243;]\n\t\t<div id=\"wd-69ce5d13bcd30\" class=\"title-wrapper wd-wpb wd-set-mb reset-last-child  wd-rs-69ce5d13bcd30 wd-title-color-primary wd-title-style-simple text-left  wd-width-enabled wd-underline-colored\" style=\"--wd-max-width: 80%;\">\n\t\t\t\n\t\t\t<div class=\"liner-continer\">\n\t\t\t\t<h4 class=\"woodmart-title-container title  wd-font-weight- wd-fontsize-l\" >Our Capabilities<\/h4>\n\t\t\t\t\t\t\t<\/div>\n\t\t\t\n\t\t\t\n\t\t\t\n\t\t<\/div>\n\t\t\n\t\t\t\t<div id=\"wd-69ce5d19b91ee\" class=\"wd-text-block wd-wpb reset-last-child wd-rs-69ce5d19b91ee text-left \">\n\t\t\t<p>To ensure the highest standards, we utilize advanced CAD drafting and modeling software. This allows us to provide highly individualized solutions tailored to each client&#8217;s specific requirements. We specialize in the\u00a0series production\u00a0of components, while maintaining the full capacity and technical expertise to handle smaller batches and complex custom solutions.<\/p>\n\t\t<\/div>\n\t\t[\/vc_column][vc_column width=&#8221;1\/3&#8243;]\n\t\t<div id=\"wd-69ce5d222aad6\" class=\"title-wrapper wd-wpb wd-set-mb reset-last-child  wd-rs-69ce5d222aad6 wd-title-color-primary wd-title-style-simple text-left  wd-width-enabled wd-underline-colored\" style=\"--wd-max-width: 80%;\">\n\t\t\t\n\t\t\t<div class=\"liner-continer\">\n\t\t\t\t<h4 class=\"woodmart-title-container title  wd-font-weight- wd-fontsize-l\" >Our Portfolio Includes:<\/h4>\n\t\t\t\t\t\t\t<\/div>\n\t\t\t\n\t\t\t\n\t\t\t\n\t\t<\/div>\n\t\t\n\t\t\t\t<div id=\"wd-69ce5d2981731\" class=\"wd-text-block wd-wpb reset-last-child wd-rs-69ce5d2981731 text-left \">\n\t\t\t<ul>\n<li>Manufacturing of geared and serrated products<\/li>\n<li>Processing and upgrading of engine components<\/li>\n<li>Manufacturing of chassis and suspension parts<\/li>\n<\/ul>\n\t\t<\/div>\n\t\t[\/vc_column][vc_column width=&#8221;1\/3&#8243;]\n\t\t<div id=\"wd-69ce5d3a60350\" class=\"title-wrapper wd-wpb wd-set-mb reset-last-child  wd-rs-69ce5d3a60350 wd-title-color-primary wd-title-style-simple text-left  wd-width-enabled wd-underline-colored\" style=\"--wd-max-width: 80%;\">\n\t\t\t\n\t\t\t<div class=\"liner-continer\">\n\t\t\t\t<h4 class=\"woodmart-title-container title  wd-font-weight- wd-fontsize-l\" >Quality Guarantee<\/h4>\n\t\t\t\t\t\t\t<\/div>\n\t\t\t\n\t\t\t\n\t\t\t\n\t\t<\/div>\n\t\t\n\t\t\t\t<div id=\"wd-69ce5d42a4131\" class=\"wd-text-block wd-wpb reset-last-child wd-rs-69ce5d42a4131 text-left \">\n\t\t\t<p>We stand behind our craftsmanship. Every component produced in our facility comes with a full warranty. At Metalcut O\u00dc, we approach every project with thorough dedication to ensure both precision quality and strictly met deadlines.<\/p>\n\t\t<\/div>\n\t\t[\/vc_column][\/vc_row][vc_row full_width=&#8221;stretch_row_content_no_spaces&#8221; woodmart_css_id=&#8221;69bbd1ac9cd00&#8243; responsive_spacing=&#8221;eyJwYXJhbV90eXBlIjoid29vZG1hcnRfcmVzcG9uc2l2ZV9zcGFjaW5nIiwic2VsZWN0b3JfaWQiOiI2OWJiZDFhYzljZDAwIiwic2hvcnRjb2RlIjoidmNfcm93IiwiZGF0YSI6eyJ0YWJsZXQiOnt9LCJtb2JpbGUiOnt9fX0=&#8221; mobile_bg_img_hidden=&#8221;no&#8221; tablet_bg_img_hidden=&#8221;no&#8221; woodmart_parallax=&#8221;0&#8243; woodmart_gradient_switch=&#8221;no&#8221; woodmart_box_shadow=&#8221;no&#8221; wd_z_index=&#8221;no&#8221; woodmart_disable_overflow=&#8221;0&#8243; row_reverse_mobile=&#8221;0&#8243; row_reverse_tablet=&#8221;0&#8243;][vc_column]\t\t<div id=\"gallery_436\" class=\"wd-images-gallery wd-wpb wd-rs-69d642ab325f5 photoswipe-images wd-carousel-container wd-wpb\" style=\"--wd-justify-content:center;--wd-align-items:center;\">\n\t\t\t\t\t\t\t<div class=\"wd-carousel-inner\">\n\t\t\t\n\t\t\t<div class=\" wd-carousel wd-grid\"data-speed=\"5000\" data-autoplay=\"yes\" data-scroll_per_page=\"yes\" style=\"--wd-col-lg:6;--wd-col-md:4;--wd-col-sm:2;--wd-gap-lg:0px;\">\n\t\t\t\t\t\t\t\t\t<div class=\"wd-carousel-wrap\">\n\t\t\t\t\n\t\t\t\t\t\t\t\t\t\t\t\t\t\t\t<div class=\"wd-gallery-item wd-carousel-item\">\n\t\t\t\t\t\t\t\t\t\t\t\t\t\t<a href=\"https:\/\/metalcut.ee\/wp-content\/uploads\/2026\/04\/1.jpeg\" data-elementor-open-lightbox=\"no\" data-index=\"1\" data-width=\"1600\" data-height=\"1600\" \n\t\t\t\t\t\t\t\t\t\t\t\t\t\t\t\t\t\t\t\t>\n\t\t\t\t\t\t\t\t\n\t\t\t\t\t\t\t\t<img loading=\"lazy\" decoding=\"async\" width=\"300\" height=\"200\" src=\"https:\/\/metalcut.ee\/wp-content\/uploads\/2026\/04\/1-300x200.jpeg\" class=\"wd-gallery-image image-1\" alt=\"\" \/>\n\t\t\t\t\t\t\t\t\t\t\t\t\t\t\t<\/a>\n\t\t\t\t\t\t\t\t\t\t\t\t<\/div>\n\t\t\t\t\t\t\t\t\t\t\t<div class=\"wd-gallery-item wd-carousel-item\">\n\t\t\t\t\t\t\t\t\t\t\t\t\t\t<a href=\"https:\/\/metalcut.ee\/wp-content\/uploads\/2026\/04\/2.jpeg\" data-elementor-open-lightbox=\"no\" data-index=\"2\" data-width=\"1600\" data-height=\"1600\" \n\t\t\t\t\t\t\t\t\t\t\t\t\t\t\t\t\t\t\t\t>\n\t\t\t\t\t\t\t\t\n\t\t\t\t\t\t\t\t<img loading=\"lazy\" decoding=\"async\" width=\"300\" height=\"200\" src=\"https:\/\/metalcut.ee\/wp-content\/uploads\/2026\/04\/2-300x200.jpeg\" class=\"wd-gallery-image image-2\" alt=\"\" \/>\n\t\t\t\t\t\t\t\t\t\t\t\t\t\t\t<\/a>\n\t\t\t\t\t\t\t\t\t\t\t\t<\/div>\n\t\t\t\t\t\t\t\t\t\t\t<div class=\"wd-gallery-item wd-carousel-item\">\n\t\t\t\t\t\t\t\t\t\t\t\t\t\t<a href=\"https:\/\/metalcut.ee\/wp-content\/uploads\/2026\/04\/3.jpeg\" data-elementor-open-lightbox=\"no\" data-index=\"3\" data-width=\"1600\" data-height=\"1600\" \n\t\t\t\t\t\t\t\t\t\t\t\t\t\t\t\t\t\t\t\t>\n\t\t\t\t\t\t\t\t\n\t\t\t\t\t\t\t\t<img loading=\"lazy\" decoding=\"async\" width=\"300\" height=\"200\" src=\"https:\/\/metalcut.ee\/wp-content\/uploads\/2026\/04\/3-300x200.jpeg\" class=\"wd-gallery-image image-3\" alt=\"\" \/>\n\t\t\t\t\t\t\t\t\t\t\t\t\t\t\t<\/a>\n\t\t\t\t\t\t\t\t\t\t\t\t<\/div>\n\t\t\t\t\t\t\t\t\t\t\t<div class=\"wd-gallery-item wd-carousel-item\">\n\t\t\t\t\t\t\t\t\t\t\t\t\t\t<a href=\"https:\/\/metalcut.ee\/wp-content\/uploads\/2026\/04\/4.jpeg\" data-elementor-open-lightbox=\"no\" data-index=\"4\" data-width=\"1600\" data-height=\"1600\" \n\t\t\t\t\t\t\t\t\t\t\t\t\t\t\t\t\t\t\t\t>\n\t\t\t\t\t\t\t\t\n\t\t\t\t\t\t\t\t<img loading=\"lazy\" decoding=\"async\" width=\"300\" height=\"200\" src=\"https:\/\/metalcut.ee\/wp-content\/uploads\/2026\/04\/4-300x200.jpeg\" class=\"wd-gallery-image image-4\" alt=\"\" \/>\n\t\t\t\t\t\t\t\t\t\t\t\t\t\t\t<\/a>\n\t\t\t\t\t\t\t\t\t\t\t\t<\/div>\n\t\t\t\t\t\t\t\t\t\t\t<div class=\"wd-gallery-item wd-carousel-item\">\n\t\t\t\t\t\t\t\t\t\t\t\t\t\t<a href=\"https:\/\/metalcut.ee\/wp-content\/uploads\/2026\/04\/5.jpeg\" data-elementor-open-lightbox=\"no\" data-index=\"5\" data-width=\"1600\" data-height=\"1600\" \n\t\t\t\t\t\t\t\t\t\t\t\t\t\t\t\t\t\t\t\t>\n\t\t\t\t\t\t\t\t\n\t\t\t\t\t\t\t\t<img loading=\"lazy\" decoding=\"async\" width=\"300\" height=\"200\" src=\"https:\/\/metalcut.ee\/wp-content\/uploads\/2026\/04\/5-300x200.jpeg\" class=\"wd-gallery-image image-5\" alt=\"\" \/>\n\t\t\t\t\t\t\t\t\t\t\t\t\t\t\t<\/a>\n\t\t\t\t\t\t\t\t\t\t\t\t<\/div>\n\t\t\t\t\t\t\t\t\t\t\t<div class=\"wd-gallery-item wd-carousel-item\">\n\t\t\t\t\t\t\t\t\t\t\t\t\t\t<a href=\"https:\/\/metalcut.ee\/wp-content\/uploads\/2026\/04\/6.jpeg\" data-elementor-open-lightbox=\"no\" data-index=\"6\" data-width=\"1600\" data-height=\"1200\" \n\t\t\t\t\t\t\t\t\t\t\t\t\t\t\t\t\t\t\t\t>\n\t\t\t\t\t\t\t\t\n\t\t\t\t\t\t\t\t<img loading=\"lazy\" decoding=\"async\" width=\"300\" height=\"200\" src=\"https:\/\/metalcut.ee\/wp-content\/uploads\/2026\/04\/6-300x200.jpeg\" class=\"wd-gallery-image image-6\" alt=\"\" \/>\n\t\t\t\t\t\t\t\t\t\t\t\t\t\t\t<\/a>\n\t\t\t\t\t\t\t\t\t\t\t\t<\/div>\n\t\t\t\t\t\t\t\t\t\t\t<div class=\"wd-gallery-item wd-carousel-item\">\n\t\t\t\t\t\t\t\t\t\t\t\t\t\t<a href=\"https:\/\/metalcut.ee\/wp-content\/uploads\/2026\/04\/7.jpeg\" data-elementor-open-lightbox=\"no\" data-index=\"7\" data-width=\"1600\" data-height=\"1600\" \n\t\t\t\t\t\t\t\t\t\t\t\t\t\t\t\t\t\t\t\t>\n\t\t\t\t\t\t\t\t\n\t\t\t\t\t\t\t\t<img loading=\"lazy\" decoding=\"async\" width=\"300\" height=\"200\" src=\"https:\/\/metalcut.ee\/wp-content\/uploads\/2026\/04\/7-300x200.jpeg\" class=\"wd-gallery-image image-7\" alt=\"\" \/>\n\t\t\t\t\t\t\t\t\t\t\t\t\t\t\t<\/a>\n\t\t\t\t\t\t\t\t\t\t\t\t<\/div>\n\t\t\t\t\t\t\t\t\t\t\t<div class=\"wd-gallery-item wd-carousel-item\">\n\t\t\t\t\t\t\t\t\t\t\t\t\t\t<a href=\"https:\/\/metalcut.ee\/wp-content\/uploads\/2026\/04\/8.jpeg\" data-elementor-open-lightbox=\"no\" data-index=\"8\" data-width=\"1600\" data-height=\"1600\" \n\t\t\t\t\t\t\t\t\t\t\t\t\t\t\t\t\t\t\t\t>\n\t\t\t\t\t\t\t\t\n\t\t\t\t\t\t\t\t<img loading=\"lazy\" decoding=\"async\" width=\"300\" height=\"200\" src=\"https:\/\/metalcut.ee\/wp-content\/uploads\/2026\/04\/8-300x200.jpeg\" class=\"wd-gallery-image image-8\" alt=\"\" \/>\n\t\t\t\t\t\t\t\t\t\t\t\t\t\t\t<\/a>\n\t\t\t\t\t\t\t\t\t\t\t\t<\/div>\n\t\t\t\t\t\t\t\t\t\t\t<div class=\"wd-gallery-item wd-carousel-item\">\n\t\t\t\t\t\t\t\t\t\t\t\t\t\t<a href=\"https:\/\/metalcut.ee\/wp-content\/uploads\/2026\/04\/9.jpeg\" data-elementor-open-lightbox=\"no\" data-index=\"9\" data-width=\"1600\" data-height=\"1600\" \n\t\t\t\t\t\t\t\t\t\t\t\t\t\t\t\t\t\t\t\t>\n\t\t\t\t\t\t\t\t\n\t\t\t\t\t\t\t\t<img loading=\"lazy\" decoding=\"async\" width=\"300\" height=\"200\" src=\"https:\/\/metalcut.ee\/wp-content\/uploads\/2026\/04\/9-300x200.jpeg\" class=\"wd-gallery-image image-9\" alt=\"\" \/>\n\t\t\t\t\t\t\t\t\t\t\t\t\t\t\t<\/a>\n\t\t\t\t\t\t\t\t\t\t\t\t<\/div>\n\t\t\t\t\t\t\t\t\t\t\t<div class=\"wd-gallery-item wd-carousel-item\">\n\t\t\t\t\t\t\t\t\t\t\t\t\t\t<a href=\"https:\/\/metalcut.ee\/wp-content\/uploads\/2026\/04\/10.jpeg\" data-elementor-open-lightbox=\"no\" data-index=\"10\" data-width=\"1600\" data-height=\"1600\" \n\t\t\t\t\t\t\t\t\t\t\t\t\t\t\t\t\t\t\t\t>\n\t\t\t\t\t\t\t\t\n\t\t\t\t\t\t\t\t<img loading=\"lazy\" decoding=\"async\" width=\"300\" height=\"200\" src=\"https:\/\/metalcut.ee\/wp-content\/uploads\/2026\/04\/10-300x200.jpeg\" class=\"wd-gallery-image image-10\" alt=\"\" \/>\n\t\t\t\t\t\t\t\t\t\t\t\t\t\t\t<\/a>\n\t\t\t\t\t\t\t\t\t\t\t\t<\/div>\n\t\t\t\t\t\t\t\t\t\t\t<div class=\"wd-gallery-item wd-carousel-item\">\n\t\t\t\t\t\t\t\t\t\t\t\t\t\t<a href=\"https:\/\/metalcut.ee\/wp-content\/uploads\/2026\/04\/11.jpeg\" data-elementor-open-lightbox=\"no\" data-index=\"11\" data-width=\"1600\" data-height=\"1600\" \n\t\t\t\t\t\t\t\t\t\t\t\t\t\t\t\t\t\t\t\t>\n\t\t\t\t\t\t\t\t\n\t\t\t\t\t\t\t\t<img loading=\"lazy\" decoding=\"async\" width=\"300\" height=\"200\" src=\"https:\/\/metalcut.ee\/wp-content\/uploads\/2026\/04\/11-300x200.jpeg\" class=\"wd-gallery-image image-11\" alt=\"\" \/>\n\t\t\t\t\t\t\t\t\t\t\t\t\t\t\t<\/a>\n\t\t\t\t\t\t\t\t\t\t\t\t<\/div>\n\t\t\t\t\t\t\t\t\t\t\t<div class=\"wd-gallery-item wd-carousel-item\">\n\t\t\t\t\t\t\t\t\t\t\t\t\t\t<a href=\"https:\/\/metalcut.ee\/wp-content\/uploads\/2026\/04\/12.jpeg\" data-elementor-open-lightbox=\"no\" data-index=\"12\" data-width=\"1600\" data-height=\"1600\" \n\t\t\t\t\t\t\t\t\t\t\t\t\t\t\t\t\t\t\t\t>\n\t\t\t\t\t\t\t\t\n\t\t\t\t\t\t\t\t<img loading=\"lazy\" decoding=\"async\" width=\"300\" height=\"200\" src=\"https:\/\/metalcut.ee\/wp-content\/uploads\/2026\/04\/12-300x200.jpeg\" class=\"wd-gallery-image image-12\" alt=\"\" \/>\n\t\t\t\t\t\t\t\t\t\t\t\t\t\t\t<\/a>\n\t\t\t\t\t\t\t\t\t\t\t\t<\/div>\n\t\t\t\t\t\t\t\t\t\t\t<div class=\"wd-gallery-item wd-carousel-item\">\n\t\t\t\t\t\t\t\t\t\t\t\t\t\t<a href=\"https:\/\/metalcut.ee\/wp-content\/uploads\/2026\/04\/13.jpeg\" data-elementor-open-lightbox=\"no\" data-index=\"13\" data-width=\"1600\" data-height=\"1600\" \n\t\t\t\t\t\t\t\t\t\t\t\t\t\t\t\t\t\t\t\t>\n\t\t\t\t\t\t\t\t\n\t\t\t\t\t\t\t\t<img loading=\"lazy\" decoding=\"async\" width=\"300\" height=\"200\" src=\"https:\/\/metalcut.ee\/wp-content\/uploads\/2026\/04\/13-300x200.jpeg\" class=\"wd-gallery-image image-13\" alt=\"\" \/>\n\t\t\t\t\t\t\t\t\t\t\t\t\t\t\t<\/a>\n\t\t\t\t\t\t\t\t\t\t\t\t<\/div>\n\t\t\t\t\t\t\t\t\t\t\t<div class=\"wd-gallery-item wd-carousel-item\">\n\t\t\t\t\t\t\t\t\t\t\t\t\t\t<a href=\"https:\/\/metalcut.ee\/wp-content\/uploads\/2026\/04\/14.jpeg\" data-elementor-open-lightbox=\"no\" data-index=\"14\" data-width=\"1445\" data-height=\"1445\" \n\t\t\t\t\t\t\t\t\t\t\t\t\t\t\t\t\t\t\t\t>\n\t\t\t\t\t\t\t\t\n\t\t\t\t\t\t\t\t<img loading=\"lazy\" decoding=\"async\" width=\"300\" height=\"200\" src=\"https:\/\/metalcut.ee\/wp-content\/uploads\/2026\/04\/14-300x200.jpeg\" class=\"wd-gallery-image image-14\" alt=\"\" \/>\n\t\t\t\t\t\t\t\t\t\t\t\t\t\t\t<\/a>\n\t\t\t\t\t\t\t\t\t\t\t\t<\/div>\n\t\t\t\t\t\t\t\t\t\t\t<div class=\"wd-gallery-item wd-carousel-item\">\n\t\t\t\t\t\t\t\t\t\t\t\t\t\t<a href=\"https:\/\/metalcut.ee\/wp-content\/uploads\/2026\/04\/15.jpeg\" data-elementor-open-lightbox=\"no\" data-index=\"15\" data-width=\"1600\" data-height=\"1600\" \n\t\t\t\t\t\t\t\t\t\t\t\t\t\t\t\t\t\t\t\t>\n\t\t\t\t\t\t\t\t\n\t\t\t\t\t\t\t\t<img loading=\"lazy\" decoding=\"async\" width=\"300\" height=\"200\" src=\"https:\/\/metalcut.ee\/wp-content\/uploads\/2026\/04\/15-300x200.jpeg\" class=\"wd-gallery-image image-15\" alt=\"\" \/>\n\t\t\t\t\t\t\t\t\t\t\t\t\t\t\t<\/a>\n\t\t\t\t\t\t\t\t\t\t\t\t<\/div>\n\t\t\t\t\t\t\t\t\t\n\t\t\t\t\t\t\t\t\t<\/div>\n\t\t\t\t\t\t\t<\/div>\n\n\t\t\t\t\t\t\t\t\t\t\t\t\t\t<div class=\"wd-nav-arrows wd-pos-sep wd-hover-1 wd-icon-1\">\n\t\t\t<div class=\"wd-btn-arrow wd-prev wd-disabled\">\n\t\t\t\t<div class=\"wd-arrow-inner\"><\/div>\n\t\t\t<\/div>\n\t\t\t<div class=\"wd-btn-arrow wd-next\">\n\t\t\t\t<div class=\"wd-arrow-inner\"><\/div>\n\t\t\t<\/div>\n\t\t<\/div>\n\t\t\t\t\t\t\n\t\t\t\t<\/div>\n\n\t\t\t\t\t\t\t\t\t\t\t\t\t<\/div>\n\t\t[\/vc_column][\/vc_row][vc_row full_width=&#8221;stretch_row&#8221; css=&#8221;.vc_custom_1773931442631{padding-top: 40px !important;}&#8221; woodmart_css_id=&#8221;69bc0bae94a5a&#8221; responsive_spacing=&#8221;eyJwYXJhbV90eXBlIjoid29vZG1hcnRfcmVzcG9uc2l2ZV9zcGFjaW5nIiwic2VsZWN0b3JfaWQiOiI2OWJjMGJhZTk0YTVhIiwic2hvcnRjb2RlIjoidmNfcm93IiwiZGF0YSI6eyJ0YWJsZXQiOnt9LCJtb2JpbGUiOnt9fX0=&#8221; mobile_bg_img_hidden=&#8221;no&#8221; tablet_bg_img_hidden=&#8221;no&#8221; woodmart_parallax=&#8221;0&#8243; woodmart_gradient_switch=&#8221;no&#8221; woodmart_box_shadow=&#8221;no&#8221; wd_z_index=&#8221;no&#8221; woodmart_disable_overflow=&#8221;0&#8243; row_reverse_mobile=&#8221;0&#8243; row_reverse_tablet=&#8221;0&#8243;][vc_column]\n\t\t<div id=\"wd-69bbc7e3278be\" class=\"title-wrapper wd-wpb wd-set-mb reset-last-child  wd-rs-69bbc7e3278be wd-title-color-primary wd-title-style-simple text-center  wd-width-enabled wd-underline-colored\" style=\"--wd-max-width: 80%;\">\n\t\t\t\n\t\t\t<div class=\"liner-continer\">\n\t\t\t\t<h4 class=\"woodmart-title-container title  wd-font-weight- wd-fontsize-xxxl\" >HYUNDAI L230LMSA<\/h4>\n\t\t\t\t\t\t\t<\/div>\n\t\t\t\n\t\t\t\n\t\t\t\n\t\t<\/div>\n\t\t\n\t\t[\/vc_column][\/vc_row][vc_row full_width=&#8221;stretch_row&#8221; css=&#8221;.vc_custom_1773931450154{padding-bottom: 40px !important;}&#8221; woodmart_css_id=&#8221;69bc0bb5e06fb&#8221; responsive_spacing=&#8221;eyJwYXJhbV90eXBlIjoid29vZG1hcnRfcmVzcG9uc2l2ZV9zcGFjaW5nIiwic2VsZWN0b3JfaWQiOiI2OWJjMGJiNWUwNmZiIiwic2hvcnRjb2RlIjoidmNfcm93IiwiZGF0YSI6eyJ0YWJsZXQiOnt9LCJtb2JpbGUiOnt9fX0=&#8221; mobile_bg_img_hidden=&#8221;no&#8221; tablet_bg_img_hidden=&#8221;no&#8221; woodmart_parallax=&#8221;0&#8243; woodmart_gradient_switch=&#8221;no&#8221; woodmart_box_shadow=&#8221;no&#8221; wd_z_index=&#8221;no&#8221; woodmart_disable_overflow=&#8221;0&#8243; row_reverse_mobile=&#8221;0&#8243; row_reverse_tablet=&#8221;0&#8243;][vc_column width=&#8221;1\/2&#8243;]\t\t<div id=\"wd-69bbc77033e16\" class=\"wd-image wd-wpb wd-rs-69bbc77033e16 text-left \">\n\t\t\t\n\t\t\t<img loading=\"lazy\" decoding=\"async\" width=\"1440\" height=\"832\" src=\"https:\/\/metalcut.ee\/wp-content\/uploads\/2026\/03\/73358264_957784381251093_7487593147711619072_n.jpg\" class=\"attachment-full size-full\" alt=\"\" srcset=\"https:\/\/metalcut.ee\/wp-content\/uploads\/2026\/03\/73358264_957784381251093_7487593147711619072_n.jpg 1440w, https:\/\/metalcut.ee\/wp-content\/uploads\/2026\/03\/73358264_957784381251093_7487593147711619072_n-400x231.jpg 400w, https:\/\/metalcut.ee\/wp-content\/uploads\/2026\/03\/73358264_957784381251093_7487593147711619072_n-1300x751.jpg 1300w, https:\/\/metalcut.ee\/wp-content\/uploads\/2026\/03\/73358264_957784381251093_7487593147711619072_n-768x444.jpg 768w, https:\/\/metalcut.ee\/wp-content\/uploads\/2026\/03\/73358264_957784381251093_7487593147711619072_n-500x289.jpg 500w, https:\/\/metalcut.ee\/wp-content\/uploads\/2026\/03\/73358264_957784381251093_7487593147711619072_n-700x404.jpg 700w, https:\/\/metalcut.ee\/wp-content\/uploads\/2026\/03\/73358264_957784381251093_7487593147711619072_n-150x87.jpg 150w\" sizes=\"auto, (max-width: 1440px) 100vw, 1440px\" \/>\n\t\t\t\t\t<\/div>\n\t\t[\/vc_column][vc_column width=&#8221;1\/2&#8243;]\t\t<div id=\"wd-69bbc73bef471\" class=\"wd-text-block wd-wpb reset-last-child wd-rs-69bbc73bef471 text-left wd-fontsize-custom vc_custom_1773913921929\">\n\t\t\t<p>Antud seade on soetatud Leader projekti meede 1.2 toetuse abil. Uus cnc treimisekeskus Hyundai L230LMSA v\u00f5imaldab toota kvaliteetset toodangut v\u00e4iksema ajakuluga ja annab paralleelselt v\u00f5imaluse efektiivsemalt tootmist korraldada. <\/p>\n\t\t<\/div>\n\t\t\t\t<div id=\"wd-69bbc75078d23\" class=\"wd-image wd-wpb wd-rs-69bbc75078d23 text-left \">\n\t\t\t\n\t\t\t<img loading=\"lazy\" decoding=\"async\" width=\"1181\" height=\"331\" src=\"https:\/\/metalcut.ee\/wp-content\/uploads\/2026\/03\/leader-2014-kleebis-veeb-h-w-col.jpg\" class=\"attachment-full size-full\" alt=\"\" srcset=\"https:\/\/metalcut.ee\/wp-content\/uploads\/2026\/03\/leader-2014-kleebis-veeb-h-w-col.jpg 1181w, https:\/\/metalcut.ee\/wp-content\/uploads\/2026\/03\/leader-2014-kleebis-veeb-h-w-col-400x112.jpg 400w, https:\/\/metalcut.ee\/wp-content\/uploads\/2026\/03\/leader-2014-kleebis-veeb-h-w-col-768x215.jpg 768w, https:\/\/metalcut.ee\/wp-content\/uploads\/2026\/03\/leader-2014-kleebis-veeb-h-w-col-500x140.jpg 500w, https:\/\/metalcut.ee\/wp-content\/uploads\/2026\/03\/leader-2014-kleebis-veeb-h-w-col-700x196.jpg 700w, https:\/\/metalcut.ee\/wp-content\/uploads\/2026\/03\/leader-2014-kleebis-veeb-h-w-col-150x42.jpg 150w\" sizes=\"auto, (max-width: 1181px) 100vw, 1181px\" \/>\n\t\t\t\t\t<\/div>\n\t\t[\/vc_column][\/vc_row]<\/p>\n<\/div>","protected":false},"excerpt":{"rendered":"<p>[vc_row css=&#8221;.vc_custom_1773906101571{padding-top: 40px !important;padding-bottom: 40px !important;}&#8221; woodmart_css_id=&#8221;69bba8b23b157&#8243; responsive_spacing=&#8221;eyJwYXJhbV90eXBlIjoid29vZG1hcnRfcmVzcG9uc2l2ZV9zcGFjaW5nIiwic2VsZWN0b3JfaWQiOiI2OWJiYThiMjNiMTU3Iiwic2hvcnRjb2RlIjoidmNfcm93IiwiZGF0YSI6eyJ0YWJsZXQiOnt9LCJtb2JpbGUiOnt9fX0=&#8221; mobile_bg_img_hidden=&#8221;no&#8221; tablet_bg_img_hidden=&#8221;no&#8221; woodmart_parallax=&#8221;0&#8243; woodmart_gradient_switch=&#8221;no&#8221; woodmart_box_shadow=&#8221;no&#8221; wd_z_index=&#8221;no&#8221; woodmart_disable_overflow=&#8221;0&#8243; row_reverse_mobile=&#8221;0&#8243; row_reverse_tablet=&#8221;0&#8243;][vc_column][\/vc_column][\/vc_row][vc_row css=&#8221;.vc_custom_1773906101571{padding-top: 40px !important;padding-bottom:<\/p>\n","protected":false},"author":1,"featured_media":0,"parent":0,"menu_order":0,"comment_status":"closed","ping_status":"closed","template":"","meta":{"footnotes":""},"class_list":["post-5212","page","type-page","status-publish","hentry"],"_links":{"self":[{"href":"https:\/\/metalcut.ee\/en\/wp-json\/wp\/v2\/pages\/5212","targetHints":{"allow":["GET"]}}],"collection":[{"href":"https:\/\/metalcut.ee\/en\/wp-json\/wp\/v2\/pages"}],"about":[{"href":"https:\/\/metalcut.ee\/en\/wp-json\/wp\/v2\/types\/page"}],"author":[{"embeddable":true,"href":"https:\/\/metalcut.ee\/en\/wp-json\/wp\/v2\/users\/1"}],"replies":[{"embeddable":true,"href":"https:\/\/metalcut.ee\/en\/wp-json\/wp\/v2\/comments?post=5212"}],"version-history":[{"count":5,"href":"https:\/\/metalcut.ee\/en\/wp-json\/wp\/v2\/pages\/5212\/revisions"}],"predecessor-version":[{"id":10716,"href":"https:\/\/metalcut.ee\/en\/wp-json\/wp\/v2\/pages\/5212\/revisions\/10716"}],"wp:attachment":[{"href":"https:\/\/metalcut.ee\/en\/wp-json\/wp\/v2\/media?parent=5212"}],"curies":[{"name":"wp","href":"https:\/\/api.w.org\/{rel}","templated":true}]}}